{"id":858,"date":"2022-02-04T13:41:05","date_gmt":"2022-02-04T12:41:05","guid":{"rendered":"https:\/\/emaus18.pl\/?page_id=858"},"modified":"2022-04-08T12:54:38","modified_gmt":"2022-04-08T10:54:38","slug":"udogodnienia-dla-osob-z-niepelnosprawnosciami","status":"publish","type":"page","link":"https:\/\/emaus18.pl\/?page_id=858","title":{"rendered":"Udogodnienia dla os\u00f3b z niepe\u0142nosprawno\u015bciami"},"content":{"rendered":"<p>[et_pb_section fb_built=&#8221;1&#8243; custom_padding_last_edited=&#8221;on|phone&#8221; _builder_version=&#8221;4.14.5&#8243; _module_preset=&#8221;default&#8221; background_image=&#8221;https:\/\/emaus18.pl\/wp-content\/uploads\/2021\/12\/deklaracja-dostepnosci-tlo-naglowek.jpg&#8221; custom_padding=&#8221;8vh||8vh||true|false&#8221; custom_padding_tablet=&#8221;5vh||5vh||true|false&#8221; custom_padding_phone=&#8221;3vh||3vh||true|false&#8221; global_colors_info=&#8221;{}&#8221;][et_pb_row _builder_version=&#8221;4.9.2&#8243; _module_preset=&#8221;default&#8221; global_colors_info=&#8221;{}&#8221;][et_pb_column type=&#8221;4_4&#8243; _builder_version=&#8221;4.9.2&#8243; _module_preset=&#8221;default&#8221; global_colors_info=&#8221;{}&#8221;][et_pb_text _builder_version=&#8221;4.14.5&#8243; _module_preset=&#8221;default&#8221; text_text_color=&#8221;#0063AF&#8221; header_text_align=&#8221;center&#8221; header_font_size=&#8221;45px&#8221; custom_margin=&#8221;0px||0px||true|false&#8221; custom_padding=&#8221;0px||0px||true|false&#8221; header_font_size_tablet=&#8221;45px&#8221; header_font_size_phone=&#8221;40px&#8221; header_font_size_last_edited=&#8221;on|phone&#8221; locked=&#8221;off&#8221; global_colors_info=&#8221;{}&#8221;]<\/p>\n<h1 id=\"\u201da11y-deklaracja\"><strong>Udogodnienia dla os\u00f3b z niepe\u0142nosprawno\u015bciami<\/strong><\/h1>\n<p>[\/et_pb_text][\/et_pb_column][\/et_pb_row][\/et_pb_section][et_pb_section fb_built=&#8221;1&#8243; _builder_version=&#8221;4.14.2&#8243; _module_preset=&#8221;default&#8221; custom_padding=&#8221;||||false|false&#8221; global_colors_info=&#8221;{}&#8221;][et_pb_row make_equal=&#8221;on&#8221; _builder_version=&#8221;4.9.2&#8243; _module_preset=&#8221;default&#8221; width_tablet=&#8221;95%&#8221; width_phone=&#8221;95%&#8221; width_last_edited=&#8221;on|desktop&#8221; global_colors_info=&#8221;{}&#8221;][et_pb_column type=&#8221;4_4&#8243; _builder_version=&#8221;4.9.2&#8243; _module_preset=&#8221;default&#8221; global_colors_info=&#8221;{}&#8221;][et_pb_text _builder_version=&#8221;4.14.5&#8243; _module_preset=&#8221;default&#8221; text_font=&#8221;|300|||||||&#8221; text_font_size=&#8221;18px&#8221; text_orientation=&#8221;center&#8221; global_colors_info=&#8221;{}&#8221;]<\/p>\n<p>Udogodnienia dla os\u00f3b z niepe\u0142nosprawno\u015bciami\u00a0 w Warsztacie Terapii Zaj\u0119ciowej Stowarzyszenia \u201eEMAUS\u201d, ul. Rondo Mogilskie 1\/501-509 oraz 516,\u00a0 31-516 Krak\u00f3w<\/p>\n<p>[\/et_pb_text][et_pb_text _builder_version=&#8221;4.14.5&#8243; _module_preset=&#8221;default&#8221; text_font=&#8221;|300|||||||&#8221; text_font_size=&#8221;18px&#8221; text_orientation=&#8221;center&#8221; custom_margin=&#8221;||10px|||&#8221; locked=&#8221;off&#8221; global_colors_info=&#8221;{}&#8221;]<\/p>\n<h2>Informacje dla os\u00f3b niewidomych<\/h2>\n<p>[\/et_pb_text][et_pb_divider divider_weight=&#8221;4px&#8221; _builder_version=&#8221;4.14.2&#8243; _module_preset=&#8221;default&#8221; width=&#8221;100px&#8221; module_alignment=&#8221;center&#8221; custom_margin=&#8221;||10px||false|false&#8221; locked=&#8221;off&#8221; global_colors_info=&#8221;{}&#8221;][\/et_pb_divider][et_pb_image src=&#8221;https:\/\/emaus18.pl\/wp-content\/uploads\/2022\/02\/ikona-osoby-niewidome.jpg&#8221; alt=&#8221;Grafika dost\u0119pno\u015bci dla os\u00f3b niewidomych&#8221; title_text=&#8221;Ikona dost\u0119pno\u015bci dla os\u00f3b niewidomych&#8221; align=&#8221;center&#8221; _builder_version=&#8221;4.14.5&#8243; _module_preset=&#8221;default&#8221; global_colors_info=&#8221;{}&#8221;][\/et_pb_image][et_pb_text _builder_version=&#8221;4.14.5&#8243; _module_preset=&#8221;default&#8221; text_font=&#8221;|300|||||||&#8221; text_font_size=&#8221;18px&#8221; locked=&#8221;off&#8221; global_colors_info=&#8221;{}&#8221;]<\/p>\n<p id=\"a11y-procedura\"><strong>Warsztat Terapii Zaj\u0119ciowej Stowarzyszenia EMAUS mie\u015bci si\u0119 na V pi\u0119trze w budynku przy UL. Rondo Mogilskie 1.<\/strong> Do budynku od strony ul. Lubicz prowadz\u0105 schody, znajduj\u0105ce si\u0119 naprzeciwko wej\u015bcia, a z lewej strony budynku od strony ul. Iwony Borowieckiej prowadzi rampa wjazdowa.\u00a0Do budynku wchodzi si\u0119 przez drzwi, zaraz po wej\u015bciu na prawo znajduj\u0119 si\u0119 stanowisko portiera. Nie ma przycisku przywo\u0142awczego.<\/p>\n<p>[\/et_pb_text][et_pb_text _builder_version=&#8221;4.14.5&#8243; _module_preset=&#8221;default&#8221; text_font=&#8221;|300|||||||&#8221; text_font_size=&#8221;18px&#8221; locked=&#8221;off&#8221; global_colors_info=&#8221;{}&#8221;]<\/p>\n<p><strong>Oznaczenia w j\u0119zyku braille&#8217;a<br \/><\/strong>Na drzwiach prowadz\u0105cych do poszczeg\u00f3lnych pomieszcze\u0144 wynajmowanych na rzecz prowadzenia Warsztatu Terapii Zaj\u0119ciowej znajduj\u0105\u00a0si\u0119 oznaczenie w j\u0119zyku brajlowskim zwieraj\u0105ce informacje o numerze pokoju oraz przeznaczeniu pomieszczenia. Oznaczenia umieszczone s\u0105 nad klamk\u0105.<\/p>\n<p>[\/et_pb_text][\/et_pb_column][\/et_pb_row][\/et_pb_section][et_pb_section fb_built=&#8221;1&#8243; _builder_version=&#8221;4.14.2&#8243; _module_preset=&#8221;default&#8221; custom_padding=&#8221;||||false|false&#8221; global_colors_info=&#8221;{}&#8221;][et_pb_row make_equal=&#8221;on&#8221; _builder_version=&#8221;4.9.2&#8243; _module_preset=&#8221;default&#8221; width_tablet=&#8221;95%&#8221; width_phone=&#8221;95%&#8221; width_last_edited=&#8221;on|desktop&#8221; global_colors_info=&#8221;{}&#8221;][et_pb_column type=&#8221;4_4&#8243; _builder_version=&#8221;4.9.2&#8243; _module_preset=&#8221;default&#8221; global_colors_info=&#8221;{}&#8221;][et_pb_text _builder_version=&#8221;4.14.5&#8243; _module_preset=&#8221;default&#8221; text_font=&#8221;|300|||||||&#8221; text_font_size=&#8221;18px&#8221; text_orientation=&#8221;center&#8221; custom_margin=&#8221;||10px|||&#8221; locked=&#8221;off&#8221; global_colors_info=&#8221;{}&#8221;]<\/p>\n<h2>Informacja w polskim j\u0119zyku migowym (PJM) o WTZ<\/h2>\n<p>[\/et_pb_text][et_pb_divider divider_weight=&#8221;4px&#8221; _builder_version=&#8221;4.14.2&#8243; _module_preset=&#8221;default&#8221; width=&#8221;100px&#8221; module_alignment=&#8221;center&#8221; custom_margin=&#8221;||10px||false|false&#8221; locked=&#8221;off&#8221; global_colors_info=&#8221;{}&#8221;][\/et_pb_divider][et_pb_video src=&#8221;https:\/\/emaus18.pl\/wp-content\/uploads\/2022\/04\/onas-jezyk-migowy.mp4&#8243; _builder_version=&#8221;4.14.5&#8243; _module_preset=&#8221;default&#8221; hover_enabled=&#8221;0&#8243; sticky_enabled=&#8221;0&#8243;][\/et_pb_video][et_pb_video _builder_version=&#8221;4.14.5&#8243; _module_preset=&#8221;default&#8221; global_colors_info=&#8221;{}&#8221;][\/et_pb_video][\/et_pb_column][\/et_pb_row][\/et_pb_section][et_pb_section fb_built=&#8221;1&#8243; _builder_version=&#8221;4.14.2&#8243; _module_preset=&#8221;default&#8221; custom_padding=&#8221;||||false|false&#8221; global_colors_info=&#8221;{}&#8221;][et_pb_row make_equal=&#8221;on&#8221; _builder_version=&#8221;4.9.2&#8243; _module_preset=&#8221;default&#8221; width_tablet=&#8221;95%&#8221; width_phone=&#8221;95%&#8221; width_last_edited=&#8221;on|desktop&#8221; global_colors_info=&#8221;{}&#8221;][et_pb_column type=&#8221;4_4&#8243; _builder_version=&#8221;4.9.2&#8243; _module_preset=&#8221;default&#8221; global_colors_info=&#8221;{}&#8221;][et_pb_text _builder_version=&#8221;4.14.5&#8243; _module_preset=&#8221;default&#8221; text_font=&#8221;|300|||||||&#8221; text_font_size=&#8221;18px&#8221; text_orientation=&#8221;center&#8221; custom_margin=&#8221;||10px|||&#8221; hover_enabled=&#8221;0&#8243; locked=&#8221;off&#8221; global_colors_info=&#8221;{}&#8221; sticky_enabled=&#8221;0&#8243;]<\/p>\n<h2>Informacja w polskim j\u0119zyku migowym (PJM) o procedurze przyj\u0119cia WTZ<\/h2>\n<p>[\/et_pb_text][et_pb_divider divider_weight=&#8221;4px&#8221; _builder_version=&#8221;4.14.2&#8243; _module_preset=&#8221;default&#8221; width=&#8221;100px&#8221; module_alignment=&#8221;center&#8221; custom_margin=&#8221;||10px||false|false&#8221; hover_enabled=&#8221;0&#8243; locked=&#8221;off&#8221; global_colors_info=&#8221;{}&#8221; sticky_enabled=&#8221;0&#8243;][\/et_pb_divider][et_pb_video src=&#8221;https:\/\/emaus18.pl\/wp-content\/uploads\/2022\/04\/przyjecie-jezyk-migowy.mp4&#8243; _builder_version=&#8221;4.14.5&#8243; _module_preset=&#8221;default&#8221; hover_enabled=&#8221;0&#8243; sticky_enabled=&#8221;0&#8243;][\/et_pb_video][et_pb_video _builder_version=&#8221;4.14.5&#8243; _module_preset=&#8221;default&#8221; global_colors_info=&#8221;{}&#8221;][\/et_pb_video][\/et_pb_column][\/et_pb_row][\/et_pb_section][et_pb_section fb_built=&#8221;1&#8243; _builder_version=&#8221;4.14.2&#8243; _module_preset=&#8221;default&#8221; custom_padding=&#8221;||||false|false&#8221; global_colors_info=&#8221;{}&#8221;][et_pb_row make_equal=&#8221;on&#8221; _builder_version=&#8221;4.9.2&#8243; _module_preset=&#8221;default&#8221; width_tablet=&#8221;95%&#8221; width_phone=&#8221;95%&#8221; width_last_edited=&#8221;on|desktop&#8221; global_colors_info=&#8221;{}&#8221;][et_pb_column type=&#8221;4_4&#8243; _builder_version=&#8221;4.9.2&#8243; _module_preset=&#8221;default&#8221; global_colors_info=&#8221;{}&#8221;][et_pb_text _builder_version=&#8221;4.14.5&#8243; _module_preset=&#8221;default&#8221; text_font=&#8221;|300|||||||&#8221; text_font_size=&#8221;18px&#8221; text_orientation=&#8221;center&#8221; custom_margin=&#8221;||10px||false|false&#8221; locked=&#8221;off&#8221; global_colors_info=&#8221;{}&#8221;]<\/p>\n<h2>Informacje dla os\u00f3b niedos\u0142ysz\u0105cych<\/h2>\n<p>[\/et_pb_text][et_pb_divider divider_weight=&#8221;4px&#8221; _builder_version=&#8221;4.14.2&#8243; _module_preset=&#8221;default&#8221; width=&#8221;100px&#8221; module_alignment=&#8221;center&#8221; custom_margin=&#8221;||10px||false|false&#8221; locked=&#8221;off&#8221; global_colors_info=&#8221;{}&#8221;][\/et_pb_divider][et_pb_image src=&#8221;https:\/\/emaus18.pl\/wp-content\/uploads\/2022\/02\/ikona-osoby-niedoslyszace.jpg&#8221; alt=&#8221;Grafika &#8211; ikona os\u00f3b niedos\u0142ysz\u0105cych&#8221; title_text=&#8221;Ikona os\u00f3b niedos\u0142ysz\u0105cych&#8221; align=&#8221;center&#8221; _builder_version=&#8221;4.14.5&#8243; _module_preset=&#8221;default&#8221; global_colors_info=&#8221;{}&#8221;][\/et_pb_image][et_pb_text _builder_version=&#8221;4.14.5&#8243; _module_preset=&#8221;default&#8221; text_font=&#8221;|300|||||||&#8221; text_font_size=&#8221;18px&#8221; global_colors_info=&#8221;{}&#8221;]<\/p>\n<p>W Warsztacie Terapii Zaj\u0119ciowej znajduj\u0105 si\u0119 opisy na drzwiach w druku powi\u0119kszonym oraz oznaczenie kontrastowe \u2013 zw\u0142aszcza przeszklonych p\u0142aszczyzn drzwi.<\/p>\n<p>Osoby niedos\u0142ysz\u0105ce mog\u0105 r\u00f3wnie\u017c skorzysta\u0107\u00a0<strong>z p\u0119tli indukcyjnej<\/strong> wspomagaj\u0105cej s\u0142yszenie.<\/p>\n<p>[\/et_pb_text][\/et_pb_column][\/et_pb_row][\/et_pb_section][et_pb_section fb_built=&#8221;1&#8243; _builder_version=&#8221;4.14.2&#8243; _module_preset=&#8221;default&#8221; custom_padding=&#8221;||||false|false&#8221; global_colors_info=&#8221;{}&#8221;][et_pb_row make_equal=&#8221;on&#8221; _builder_version=&#8221;4.9.2&#8243; _module_preset=&#8221;default&#8221; width_tablet=&#8221;95%&#8221; width_phone=&#8221;95%&#8221; width_last_edited=&#8221;on|desktop&#8221; global_colors_info=&#8221;{}&#8221;][et_pb_column type=&#8221;4_4&#8243; _builder_version=&#8221;4.9.2&#8243; _module_preset=&#8221;default&#8221; global_colors_info=&#8221;{}&#8221;][et_pb_text _builder_version=&#8221;4.14.5&#8243; _module_preset=&#8221;default&#8221; text_font=&#8221;|300|||||||&#8221; text_font_size=&#8221;18px&#8221; text_orientation=&#8221;center&#8221; custom_margin=&#8221;||10px||false|false&#8221; locked=&#8221;off&#8221; global_colors_info=&#8221;{}&#8221;]<\/p>\n<h2>Informacje dla os\u00f3b niepe\u0142nosprawno\u015bci\u0105 ruchow\u0105<\/h2>\n<p>[\/et_pb_text][et_pb_divider divider_weight=&#8221;4px&#8221; _builder_version=&#8221;4.14.2&#8243; _module_preset=&#8221;default&#8221; width=&#8221;100px&#8221; module_alignment=&#8221;center&#8221; custom_margin=&#8221;||10px||false|false&#8221; locked=&#8221;off&#8221; global_colors_info=&#8221;{}&#8221;][\/et_pb_divider][et_pb_image src=&#8221;https:\/\/emaus18.pl\/wp-content\/uploads\/2022\/02\/ikona-osoby-z-niepelnosprawnoscia-ruchowa.jpg&#8221; alt=&#8221;Grafika &#8211; Ikona osoby z niepe\u0142nosprawn\u0105\u015bci\u0105 ruchow\u0105&#8221; title_text=&#8221;Ikona osoby z niepe\u0142nosprawn\u0105\u015bci\u0105 ruchow\u0105&#8221; align=&#8221;center&#8221; _builder_version=&#8221;4.14.5&#8243; _module_preset=&#8221;default&#8221; global_colors_info=&#8221;{}&#8221;][\/et_pb_image][et_pb_text _builder_version=&#8221;4.14.5&#8243; _module_preset=&#8221;default&#8221; text_font=&#8221;|300|||||||&#8221; text_font_size=&#8221;18px&#8221; global_colors_info=&#8221;{}&#8221;]<\/p>\n<p>Budynek jest zlokalizowany\u00a0 w samym centrum Krakowa, przy g\u0142\u00f3wnej arterii komunikacyjnej Krakowa jak\u0105 jest Rondo Mogilskie. Bardzo blisko budynku znajduje si\u0119 przystanek autobusowy komunikacji miejskiej, a na p\u0142ycie dolnej Ronda przystanek tramwajowy komunikacji miejskiej. Z dolnego poziomu mo\u017cna dosta\u0107 si\u0119 pod budynek ramp\u0105 \u2013 w przypadku w\u00f3zk\u00f3w inwalidzkich lub schodami ruchomymi \u2013 w przypadku os\u00f3b maj\u0105cych trudno\u015bci w poruszaniu czy korzystaj\u0105cych z kul.<\/p>\n<p><strong>Warsztat Terapii Zaj\u0119ciowej Stowarzyszenia EMAUS mie\u015bci si\u0119 na V pi\u0119trze w budynku przy UL. Rondo Mogilskie 1.<\/strong> Budynek jest sze\u015bcio-kondygnacyjny. Nasze pomieszczenia maj\u0105 numery od 501 do 509 oraz 516\u00a0 i mieszcz\u0105 si\u0119 w prawym korytarzu od strony windy. Do budynku od strony ul. Lubicz prowadz\u0105 schody, znajduj\u0105ce si\u0119 naprzeciwko wej\u015bcia, a z lewej strony budynku od strony ul. Iwony Borowieckiej prowadzi rampa wjazdowa. Do budynku wchodzi si\u0119 przez drzwi, zaraz po wej\u015bciu na prawo znajduj\u0119 si\u0119 stanowisko portiera. Nie ma przycisku przywo\u0142awczego. W budynku nie ma \u017cadnej toalety dla os\u00f3b z niepe\u0142nosprawno\u015bciami. Na parkingu zosta\u0142y wyznaczone 2 \u00a0miejsce dla os\u00f3b z niepe\u0142nosprawno\u015bciami.<\/p>\n<p><strong>\u00a0<\/strong><\/p>\n<p><strong>Informacje o doje\u017adzie do obiektu komunikacj\u0105 publiczn\u0105.<\/strong><br \/>Do Warsztatu Terapii Zaj\u0119ciowej Stowarzyszenia \u201eEMAUS\u201d przy ulicy Rondo Mogilskie 1 mo\u017cna dojecha\u0107 komunikacj\u0105 miejsk\u0105 (liniami tramwajowymi oraz autobusowymi). <strong>Przystanek: Rondo Mogilskie<\/strong><\/p>\n<p>[\/et_pb_text][\/et_pb_column][\/et_pb_row][\/et_pb_section]<\/p>\n","protected":false},"excerpt":{"rendered":"<p>Udogodnienia dla os\u00f3b z niepe\u0142nosprawno\u015bciamiUdogodnienia dla os\u00f3b z niepe\u0142nosprawno\u015bciami\u00a0 w Warsztacie Terapii Zaj\u0119ciowej Stowarzyszenia \u201eEMAUS\u201d, ul. Rondo Mogilskie 1\/501-509 oraz 516,\u00a0 31-516 Krak\u00f3wInformacje dla os\u00f3b niewidomychWarsztat Terapii Zaj\u0119ciowej Stowarzyszenia EMAUS mie\u015bci si\u0119 na V pi\u0119trze w budynku przy UL. Rondo Mogilskie 1. Do budynku od strony ul. Lubicz prowadz\u0105 schody, znajduj\u0105ce si\u0119 naprzeciwko wej\u015bcia, a [&hellip;]<\/p>\n","protected":false},"author":1,"featured_media":0,"parent":0,"menu_order":0,"comment_status":"closed","ping_status":"closed","template":"","meta":{"_et_pb_use_builder":"on","_et_pb_old_content":"","_et_gb_content_width":"","footnotes":""},"class_list":["post-858","page","type-page","status-publish","hentry"],"_links":{"self":[{"href":"https:\/\/emaus18.pl\/index.php?rest_route=\/wp\/v2\/pages\/858","targetHints":{"allow":["GET"]}}],"collection":[{"href":"https:\/\/emaus18.pl\/index.php?rest_route=\/wp\/v2\/pages"}],"about":[{"href":"https:\/\/emaus18.pl\/index.php?rest_route=\/wp\/v2\/types\/page"}],"author":[{"embeddable":true,"href":"https:\/\/emaus18.pl\/index.php?rest_route=\/wp\/v2\/users\/1"}],"replies":[{"embeddable":true,"href":"https:\/\/emaus18.pl\/index.php?rest_route=%2Fwp%2Fv2%2Fcomments&post=858"}],"version-history":[{"count":6,"href":"https:\/\/emaus18.pl\/index.php?rest_route=\/wp\/v2\/pages\/858\/revisions"}],"predecessor-version":[{"id":1484,"href":"https:\/\/emaus18.pl\/index.php?rest_route=\/wp\/v2\/pages\/858\/revisions\/1484"}],"wp:attachment":[{"href":"https:\/\/emaus18.pl\/index.php?rest_route=%2Fwp%2Fv2%2Fmedia&parent=858"}],"curies":[{"name":"wp","href":"https:\/\/api.w.org\/{rel}","templated":true}]}}