{"id":614,"date":"2022-01-14T11:24:57","date_gmt":"2022-01-14T10:24:57","guid":{"rendered":"https:\/\/emaus18.pl\/?page_id=614"},"modified":"2024-05-11T05:56:56","modified_gmt":"2024-05-11T03:56:56","slug":"pracownie","status":"publish","type":"page","link":"https:\/\/emaus18.pl\/?page_id=614","title":{"rendered":"Pracownie"},"content":{"rendered":"<p>[et_pb_section fb_built=&#8221;1&#8243; custom_padding_last_edited=&#8221;on|phone&#8221; _builder_version=&#8221;4.16&#8243; _module_preset=&#8221;default&#8221; background_image=&#8221;https:\/\/emaus18.pl\/wp-content\/uploads\/2021\/12\/tlo-pracownie.jpg&#8221; custom_padding=&#8221;8vh||8vh||true|false&#8221; custom_padding_tablet=&#8221;5vh||5vh||true|false&#8221; custom_padding_phone=&#8221;3vh||3vh||true|false&#8221; global_colors_info=&#8221;{}&#8221;][et_pb_row _builder_version=&#8221;4.16&#8243; _module_preset=&#8221;default&#8221; global_colors_info=&#8221;{}&#8221;][et_pb_column type=&#8221;4_4&#8243; _builder_version=&#8221;4.16&#8243; _module_preset=&#8221;default&#8221; global_colors_info=&#8221;{}&#8221;][et_pb_text _builder_version=&#8221;4.16&#8243; _module_preset=&#8221;default&#8221; text_text_color=&#8221;#0063AF&#8221; header_text_align=&#8221;center&#8221; header_font_size=&#8221;45px&#8221; custom_margin=&#8221;0px||0px||true|false&#8221; custom_padding=&#8221;0px||0px||true|false&#8221; header_font_size_tablet=&#8221;45px&#8221; header_font_size_phone=&#8221;40px&#8221; header_font_size_last_edited=&#8221;on|phone&#8221; locked=&#8221;off&#8221; global_colors_info=&#8221;{}&#8221;]<\/p>\n<h1 id=\"\u201da11y-deklaracja\">Pracownie WTZ<\/h1>\n<p>[\/et_pb_text][\/et_pb_column][\/et_pb_row][\/et_pb_section][et_pb_section fb_built=&#8221;1&#8243; _builder_version=&#8221;4.16&#8243; _module_preset=&#8221;default&#8221; custom_padding=&#8221;||||false|false&#8221; global_colors_info=&#8221;{}&#8221;][et_pb_row _builder_version=&#8221;4.16&#8243; _module_preset=&#8221;default&#8221; global_colors_info=&#8221;{}&#8221;][et_pb_column type=&#8221;4_4&#8243; _builder_version=&#8221;4.16&#8243; _module_preset=&#8221;default&#8221; global_colors_info=&#8221;{}&#8221;][et_pb_text _builder_version=&#8221;4.16&#8243; _module_preset=&#8221;default&#8221; text_font=&#8221;|300|||||||&#8221; text_font_size=&#8221;18px&#8221; global_colors_info=&#8221;{}&#8221;]<\/p>\n<p>Zapraszamy do zapoznania si\u0119 z naszymi <strong>pracowniami. <\/strong>(klikni\u0119cie nazwy pracowni przeniesie do strony z jej opisem)<\/p>\n<p>&nbsp;<\/p>\n<p>[\/et_pb_text][\/et_pb_column][\/et_pb_row][et_pb_row column_structure=&#8221;1_3,1_3,1_3&#8243; make_equal=&#8221;on&#8221; _builder_version=&#8221;4.16&#8243; _module_preset=&#8221;default&#8221; width_tablet=&#8221;95%&#8221; width_phone=&#8221;95%&#8221; width_last_edited=&#8221;on|desktop&#8221; custom_padding=&#8221;20px|20px|20px|20px|true|true&#8221; global_colors_info=&#8221;{}&#8221;][et_pb_column type=&#8221;1_3&#8243; _builder_version=&#8221;4.16&#8243; _module_preset=&#8221;default&#8221; background_enable_color=&#8221;off&#8221; custom_padding=&#8221;10px|10px|10px|10px|true|true&#8221; border_width_all=&#8221;1px&#8221; border_color_all=&#8221;#FFB442&#8243; global_colors_info=&#8221;{}&#8221;][et_pb_image src=&#8221;https:\/\/emaus18.pl\/wp-content\/uploads\/2021\/12\/pracownie-obrazek-terapia-ruchem.jpg&#8221; alt=&#8221;Obrazek &#8211; Pracownia Terapii Ruchem&#8221; title_text=&#8221;Pracownia Terapii Ruchem&#8221; align=&#8221;center&#8221; _builder_version=&#8221;4.16&#8243; _module_preset=&#8221;default&#8221; global_colors_info=&#8221;{}&#8221;][\/et_pb_image][et_pb_text _builder_version=&#8221;4.16&#8243; _dynamic_attributes=&#8221;link_option_url&#8221; _module_preset=&#8221;default&#8221; text_font=&#8221;|300|||||||&#8221; text_font_size=&#8221;18px&#8221; header_2_font=&#8221;Roboto||||||||&#8221; header_2_text_align=&#8221;center&#8221; header_2_font_size=&#8221;22px&#8221; custom_margin=&#8221;||10px||false|false&#8221; link_option_url=&#8221;@ET-DC@eyJkeW5hbWljIjp0cnVlLCJjb250ZW50IjoicG9zdF9saW5rX3VybF9wYWdlIiwic2V0dGluZ3MiOnsicG9zdF9pZCI6IjIxNiJ9fQ==@&#8221; global_colors_info=&#8221;{}&#8221;]<\/p>\n<h2><strong>Pracownia terapii ruchem<\/strong><\/h2>\n<p>[\/et_pb_text][et_pb_text _builder_version=&#8221;4.16&#8243; _module_preset=&#8221;default&#8221; text_font=&#8221;|300|||||||&#8221; text_font_size=&#8221;16px&#8221; global_colors_info=&#8221;{}&#8221;]<\/p>\n<p>Zajmuje si\u0119 dbaniem o sprawno\u015b\u0107 i kondycj\u0119 fizyczn\u0105. Rozwijamy sprawno\u015b\u0107 fizyczn\u0105 ca\u0142ego cia\u0142a -tzw. DU\u017bA MOTORYKA, jak i sprawno\u015b\u0107 manualn\u0105, czyli MA\u0141A MOTORYKA.<\/p>\n<p>[\/et_pb_text][\/et_pb_column][et_pb_column type=&#8221;1_3&#8243; _builder_version=&#8221;4.16&#8243; _module_preset=&#8221;default&#8221; background_enable_color=&#8221;off&#8221; custom_padding=&#8221;10px|10px|10px|10px|true|true&#8221; border_width_all=&#8221;1px&#8221; border_color_all=&#8221;#FFB442&#8243; global_colors_info=&#8221;{}&#8221;][et_pb_image src=&#8221;https:\/\/emaus18.pl\/wp-content\/uploads\/2021\/12\/pracownie-obrazek-plastyczna.jpg&#8221; alt=&#8221;Obrazek &#8211; Pracownia Plastyki&#8221; title_text=&#8221;Pracownia Plastyki&#8221; align=&#8221;center&#8221; _builder_version=&#8221;4.16&#8243; _module_preset=&#8221;default&#8221; global_colors_info=&#8221;{}&#8221;][\/et_pb_image][et_pb_text _builder_version=&#8221;4.16&#8243; _dynamic_attributes=&#8221;link_option_url&#8221; _module_preset=&#8221;default&#8221; text_font=&#8221;|300|||||||&#8221; text_font_size=&#8221;18px&#8221; header_2_font=&#8221;Roboto||||||||&#8221; header_2_text_align=&#8221;center&#8221; header_2_font_size=&#8221;22px&#8221; custom_margin=&#8221;||10px||false|false&#8221; link_option_url=&#8221;@ET-DC@eyJkeW5hbWljIjp0cnVlLCJjb250ZW50IjoicG9zdF9saW5rX3VybF9wYWdlIiwic2V0dGluZ3MiOnsicG9zdF9pZCI6IjIzOCJ9fQ==@&#8221; global_colors_info=&#8221;{}&#8221;]<\/p>\n<h2><strong>Pracownia plastyczna<\/strong><\/h2>\n<p>[\/et_pb_text][et_pb_text _builder_version=&#8221;4.16&#8243; _module_preset=&#8221;default&#8221; text_font=&#8221;|300|||||||&#8221; text_font_size=&#8221;16px&#8221; global_colors_info=&#8221;{}&#8221;]<\/p>\n<p>Zaj\u0119cia plastyczne umo\u017cliwiaj\u0105 rozwijanie zainteresowa\u0144 i uzdolnie\u0144 artystycznych, a przede wszystkim pomagaj\u0105 w poznawaniu swoich emocji, potrzeb, lepszym komunikowaniu si\u0119 z innymi.<\/p>\n<p>[\/et_pb_text][\/et_pb_column][et_pb_column type=&#8221;1_3&#8243; _builder_version=&#8221;4.16&#8243; _module_preset=&#8221;default&#8221; background_enable_color=&#8221;off&#8221; custom_padding=&#8221;10px|10px|10px|10px|true|true&#8221; border_width_all=&#8221;1px&#8221; border_color_all=&#8221;#FFB442&#8243; global_colors_info=&#8221;{}&#8221;][et_pb_image src=&#8221;https:\/\/emaus18.pl\/wp-content\/uploads\/2021\/12\/pracownie-obrazek-muzyczna.jpg&#8221; alt=&#8221;Obrazek &#8211; Pracownia Muzyczna&#8221; title_text=&#8221;Pracownia Muzyczna&#8221; align=&#8221;center&#8221; _builder_version=&#8221;4.16&#8243; _module_preset=&#8221;default&#8221; global_colors_info=&#8221;{}&#8221;][\/et_pb_image][et_pb_text _builder_version=&#8221;4.16&#8243; _dynamic_attributes=&#8221;link_option_url&#8221; _module_preset=&#8221;default&#8221; text_font=&#8221;|300|||||||&#8221; text_font_size=&#8221;18px&#8221; header_2_font=&#8221;Roboto||||||||&#8221; header_2_text_align=&#8221;center&#8221; header_2_font_size=&#8221;22px&#8221; custom_margin=&#8221;||10px||false|false&#8221; link_option_url=&#8221;@ET-DC@eyJkeW5hbWljIjp0cnVlLCJjb250ZW50IjoicG9zdF9saW5rX3VybF9wYWdlIiwic2V0dGluZ3MiOnsicG9zdF9pZCI6IjI2NiJ9fQ==@&#8221; global_colors_info=&#8221;{}&#8221;]<\/p>\n<h2><strong>Pracownia muzyczna<\/strong><\/h2>\n<p>[\/et_pb_text][et_pb_text _builder_version=&#8221;4.16&#8243; _module_preset=&#8221;default&#8221; text_font=&#8221;|300|||||||&#8221; text_font_size=&#8221;16px&#8221; global_colors_info=&#8221;{}&#8221;]<\/p>\n<p>To miejsce gdzie poprzez wsp\u00f3lne muzykowanie, \u015bpiewanie, ruch i taniec mo\u017cna wyrazi\u0107 siebie, uwolni\u0107 emocje, odreagowa\u0107 napi\u0119cie, integrowa\u0107 si\u0119 i rozwija\u0107 wyobra\u017anie.<\/p>\n<p>[\/et_pb_text][\/et_pb_column][\/et_pb_row][et_pb_row column_structure=&#8221;1_3,1_3,1_3&#8243; make_equal=&#8221;on&#8221; _builder_version=&#8221;4.16&#8243; _module_preset=&#8221;default&#8221; width_tablet=&#8221;95%&#8221; width_phone=&#8221;95%&#8221; width_last_edited=&#8221;on|desktop&#8221; custom_padding=&#8221;20px|20px|20px|20px|true|true&#8221; global_colors_info=&#8221;{}&#8221;][et_pb_column type=&#8221;1_3&#8243; _builder_version=&#8221;4.16&#8243; _module_preset=&#8221;default&#8221; background_enable_color=&#8221;off&#8221; custom_padding=&#8221;10px|10px|10px|10px|true|true&#8221; border_width_all=&#8221;1px&#8221; border_color_all=&#8221;#FFB442&#8243; global_colors_info=&#8221;{}&#8221;][et_pb_image src=&#8221;https:\/\/emaus18.pl\/wp-content\/uploads\/2021\/12\/pracownie-obrazek-pracownia-technik-roznych.jpg&#8221; alt=&#8221;Obrazek &#8211; Pracownia technik r\u00f3\u017cnych&#8221; title_text=&#8221;Pracownia technik r\u00f3\u017cnych&#8221; align=&#8221;center&#8221; _builder_version=&#8221;4.16&#8243; _module_preset=&#8221;default&#8221; global_colors_info=&#8221;{}&#8221;][\/et_pb_image][et_pb_text _builder_version=&#8221;4.16&#8243; _dynamic_attributes=&#8221;link_option_url&#8221; _module_preset=&#8221;default&#8221; text_font=&#8221;|300|||||||&#8221; text_font_size=&#8221;18px&#8221; header_2_font=&#8221;Roboto||||||||&#8221; header_2_text_align=&#8221;center&#8221; header_2_font_size=&#8221;22px&#8221; custom_margin=&#8221;||10px||false|false&#8221; link_option_url=&#8221;@ET-DC@eyJkeW5hbWljIjp0cnVlLCJjb250ZW50IjoicG9zdF9saW5rX3VybF9wYWdlIiwic2V0dGluZ3MiOnsicG9zdF9pZCI6IjI3NyJ9fQ==@&#8221; global_colors_info=&#8221;{}&#8221;]<\/p>\n<h2><strong>Pracownia technik r\u00f3\u017cnych<br \/><\/strong><\/h2>\n<p>[\/et_pb_text][et_pb_text _builder_version=&#8221;4.16&#8243; _module_preset=&#8221;default&#8221; text_font=&#8221;|300|||||||&#8221; text_font_size=&#8221;16px&#8221; global_colors_info=&#8221;{}&#8221;]<\/p>\n<p>Pracownia Technik R\u00f3\u017cnych to miejsce, w kt\u00f3rym uczestnicy WTZ podejmuj\u0105 r\u00f3\u017cne dzia\u0142ania podtrzymuj\u0105ce lub usprawniaj\u0105ce ich prawid\u0142owe funkcjonowanie w \u015brodowisku.<\/p>\n<p>[\/et_pb_text][\/et_pb_column][et_pb_column type=&#8221;1_3&#8243; _builder_version=&#8221;4.16&#8243; _module_preset=&#8221;default&#8221; background_enable_color=&#8221;off&#8221; custom_padding=&#8221;10px|10px|10px|10px|true|true&#8221; border_width_all=&#8221;1px&#8221; border_color_all=&#8221;#FFB442&#8243; global_colors_info=&#8221;{}&#8221;][et_pb_image src=&#8221;https:\/\/emaus18.pl\/wp-content\/uploads\/2021\/12\/pracownie-obrazek-pracownia-komputerowa.jpg&#8221; alt=&#8221;Obrazek &#8211; Pracownia multimedialno komputerowa&#8221; title_text=&#8221;Pracownia multimedialno komputerowa&#8221; align=&#8221;center&#8221; _builder_version=&#8221;4.16&#8243; _module_preset=&#8221;default&#8221; global_colors_info=&#8221;{}&#8221;][\/et_pb_image][et_pb_text _builder_version=&#8221;4.16&#8243; _dynamic_attributes=&#8221;link_option_url&#8221; _module_preset=&#8221;default&#8221; text_font=&#8221;|300|||||||&#8221; text_font_size=&#8221;18px&#8221; header_2_font=&#8221;Roboto||||||||&#8221; header_2_text_align=&#8221;center&#8221; header_2_font_size=&#8221;22px&#8221; custom_margin=&#8221;||10px||false|false&#8221; link_option_url=&#8221;@ET-DC@eyJkeW5hbWljIjp0cnVlLCJjb250ZW50IjoicG9zdF9saW5rX3VybF9wYWdlIiwic2V0dGluZ3MiOnsicG9zdF9pZCI6IjUyNCJ9fQ==@&#8221; global_colors_info=&#8221;{}&#8221;]<\/p>\n<h2><strong>Pracownia multimedialno &#8211; komputerowo &#8211; biurowa<\/strong><\/h2>\n<p>[\/et_pb_text][et_pb_text _builder_version=&#8221;4.16&#8243; _module_preset=&#8221;default&#8221; text_font=&#8221;|300|||||||&#8221; text_font_size=&#8221;16px&#8221; global_colors_info=&#8221;{}&#8221;]<\/p>\n<p>Miejsce to, owiane obietnic\u0105 nieznanego, wydaje si\u0119 by\u0107 zaskakuj\u0105co znane. Kilka komputer\u00f3w, kamera i kilka innych urz\u0105dze\u0144 elektronicznych, razem, s\u0105 zaproszeniem do odkrywania \u015bwiata, kt\u00f3ry jednocze\u015bnie uczy, rozwija i bawi.<\/p>\n<p>[\/et_pb_text][\/et_pb_column][et_pb_column type=&#8221;1_3&#8243; _builder_version=&#8221;4.16&#8243; _module_preset=&#8221;default&#8221; background_enable_color=&#8221;off&#8221; custom_padding=&#8221;10px|10px|10px|10px|true|true&#8221; border_width_all=&#8221;1px&#8221; border_color_all=&#8221;#FFB442&#8243; global_colors_info=&#8221;{}&#8221;][et_pb_image src=&#8221;https:\/\/emaus18.pl\/wp-content\/uploads\/2021\/12\/pracownie-obrazek-pracownia-umuejetnosci-zawodowych.jpg&#8221; alt=&#8221;Obrazek &#8211; Pracownia umiej\u0119tno\u015bci spo\u0142eczno zawodowych&#8221; title_text=&#8221;Pracownia umiej\u0119tno\u015bci spo\u0142eczno zawodowych&#8221; align=&#8221;center&#8221; _builder_version=&#8221;4.16&#8243; _module_preset=&#8221;default&#8221; global_colors_info=&#8221;{}&#8221;][\/et_pb_image][et_pb_text _builder_version=&#8221;4.16&#8243; _dynamic_attributes=&#8221;link_option_url&#8221; _module_preset=&#8221;default&#8221; text_font=&#8221;|300|||||||&#8221; text_font_size=&#8221;18px&#8221; header_2_font=&#8221;Roboto||||||||&#8221; header_2_text_align=&#8221;center&#8221; header_2_font_size=&#8221;22px&#8221; custom_margin=&#8221;||10px||false|false&#8221; link_option_url=&#8221;@ET-DC@eyJkeW5hbWljIjp0cnVlLCJjb250ZW50IjoicG9zdF9saW5rX3VybF9wYWdlIiwic2V0dGluZ3MiOnsicG9zdF9pZCI6IjUwOSJ9fQ==@&#8221; global_colors_info=&#8221;{}&#8221;]<\/p>\n<h2><strong>Pracownia umiej\u0119tno\u015bci spo\u0142eczno &#8211; zawodowych<\/strong><\/h2>\n<p>[\/et_pb_text][et_pb_text _builder_version=&#8221;4.16&#8243; _module_preset=&#8221;default&#8221; text_font=&#8221;|300|||||||&#8221; text_font_size=&#8221;16px&#8221; global_colors_info=&#8221;{}&#8221;]<\/p>\n<p>W ramach treningu umiej\u0119tno\u015bci spo\u0142ecznych podtrzymujemy i rozwijamy wiele kompetencji, niezb\u0119dnych do przyjemnego i bezkonfliktowego przebywania z innymi lud\u017ami.<\/p>\n<p>[\/et_pb_text][\/et_pb_column][\/et_pb_row][et_pb_row column_structure=&#8221;1_3,1_3,1_3&#8243; make_equal=&#8221;on&#8221; _builder_version=&#8221;4.16&#8243; _module_preset=&#8221;default&#8221; width_tablet=&#8221;95%&#8221; width_phone=&#8221;95%&#8221; width_last_edited=&#8221;on|desktop&#8221; custom_padding=&#8221;20px|20px|20px|20px|true|true&#8221; global_colors_info=&#8221;{}&#8221;][et_pb_column type=&#8221;1_3&#8243; _builder_version=&#8221;4.16&#8243; _module_preset=&#8221;default&#8221; background_enable_color=&#8221;off&#8221; custom_padding=&#8221;10px|10px|10px|10px|true|true&#8221; border_width_all=&#8221;1px&#8221; border_color_all=&#8221;#FFB442&#8243; global_colors_info=&#8221;{}&#8221;][et_pb_image src=&#8221;https:\/\/emaus18.pl\/wp-content\/uploads\/2024\/05\/PracowniaRUsepia.jpg&#8221; alt=&#8221;Obrazek &#8211; Pracownia edukacji technicznej&#8221; title_text=&#8221;PracowniaRUsepia&#8221; align=&#8221;center&#8221; _builder_version=&#8221;4.20.2&#8243; _module_preset=&#8221;default&#8221; hover_enabled=&#8221;0&#8243; global_colors_info=&#8221;{}&#8221; sticky_enabled=&#8221;0&#8243;][\/et_pb_image][et_pb_text _builder_version=&#8221;4.20.2&#8243; _dynamic_attributes=&#8221;link_option_url&#8221; _module_preset=&#8221;default&#8221; text_font=&#8221;|300|||||||&#8221; text_font_size=&#8221;18px&#8221; header_2_font=&#8221;Roboto||||||||&#8221; header_2_text_align=&#8221;center&#8221; header_2_font_size=&#8221;22px&#8221; custom_margin=&#8221;||10px||false|false&#8221; link_option_url=&#8221;@ET-DC@eyJkeW5hbWljIjp0cnVlLCJjb250ZW50IjoicG9zdF9saW5rX3VybF9wYWdlIiwic2V0dGluZ3MiOnsicG9zdF9pZCI6IjUxOCJ9fQ==@&#8221; hover_enabled=&#8221;0&#8243; global_colors_info=&#8221;{}&#8221; sticky_enabled=&#8221;0&#8243;]<\/p>\n<h2><strong>Pracownia r\u0119kodzie\u0142a u\u017cytkowego<br \/><\/strong><\/h2>\n<p>[\/et_pb_text][et_pb_text _builder_version=&#8221;4.16&#8243; _module_preset=&#8221;default&#8221; text_font=&#8221;|300|||||||&#8221; text_font_size=&#8221;16px&#8221; global_colors_info=&#8221;{}&#8221;]<\/p>\n<p>W pracowni pod kierunkiem terapeuty uczestnicy zdob\u0119d\u0105 praktyczne umiej\u0119tno\u015bci wykonywania przedmiot\u00f3w u\u017cytkowych.<\/p>\n<p>[\/et_pb_text][\/et_pb_column][et_pb_column type=&#8221;1_3&#8243; _builder_version=&#8221;4.16&#8243; _module_preset=&#8221;default&#8221; background_enable_color=&#8221;off&#8221; custom_padding=&#8221;10px|10px|10px|10px|true|true&#8221; border_color_all=&#8221;#FFB442&#8243; global_colors_info=&#8221;{}&#8221;][\/et_pb_column][et_pb_column type=&#8221;1_3&#8243; _builder_version=&#8221;4.16&#8243; _module_preset=&#8221;default&#8221; background_enable_color=&#8221;off&#8221; custom_padding=&#8221;10px|10px|10px|10px|true|true&#8221; border_color_all=&#8221;#FFB442&#8243; global_colors_info=&#8221;{}&#8221;][\/et_pb_column][\/et_pb_row][\/et_pb_section]<\/p>\n","protected":false},"excerpt":{"rendered":"<p>Pracownie WTZZapraszamy do zapoznania si\u0119 z naszymi pracowniami. (klikni\u0119cie nazwy pracowni przeniesie do strony z jej opisem) &nbsp;Pracownia terapii ruchemZajmuje si\u0119 dbaniem o sprawno\u015b\u0107 i kondycj\u0119 fizyczn\u0105. Rozwijamy sprawno\u015b\u0107 fizyczn\u0105 ca\u0142ego cia\u0142a -tzw. DU\u017bA MOTORYKA, jak i sprawno\u015b\u0107 manualn\u0105, czyli MA\u0141A MOTORYKA.Pracownia plastycznaZaj\u0119cia plastyczne umo\u017cliwiaj\u0105 rozwijanie zainteresowa\u0144 i uzdolnie\u0144 artystycznych, a przede wszystkim pomagaj\u0105 w [&hellip;]<\/p>\n","protected":false},"author":1,"featured_media":0,"parent":0,"menu_order":0,"comment_status":"closed","ping_status":"closed","template":"","meta":{"_et_pb_use_builder":"on","_et_pb_old_content":"","_et_gb_content_width":"","footnotes":""},"class_list":["post-614","page","type-page","status-publish","hentry"],"_links":{"self":[{"href":"https:\/\/emaus18.pl\/index.php?rest_route=\/wp\/v2\/pages\/614","targetHints":{"allow":["GET"]}}],"collection":[{"href":"https:\/\/emaus18.pl\/index.php?rest_route=\/wp\/v2\/pages"}],"about":[{"href":"https:\/\/emaus18.pl\/index.php?rest_route=\/wp\/v2\/types\/page"}],"author":[{"embeddable":true,"href":"https:\/\/emaus18.pl\/index.php?rest_route=\/wp\/v2\/users\/1"}],"replies":[{"embeddable":true,"href":"https:\/\/emaus18.pl\/index.php?rest_route=%2Fwp%2Fv2%2Fcomments&post=614"}],"version-history":[{"count":3,"href":"https:\/\/emaus18.pl\/index.php?rest_route=\/wp\/v2\/pages\/614\/revisions"}],"predecessor-version":[{"id":8409,"href":"https:\/\/emaus18.pl\/index.php?rest_route=\/wp\/v2\/pages\/614\/revisions\/8409"}],"wp:attachment":[{"href":"https:\/\/emaus18.pl\/index.php?rest_route=%2Fwp%2Fv2%2Fmedia&parent=614"}],"curies":[{"name":"wp","href":"https:\/\/api.w.org\/{rel}","templated":true}]}}