{"id":266,"date":"2021-12-19T19:39:58","date_gmt":"2021-12-19T18:39:58","guid":{"rendered":"https:\/\/emaus18.pl\/?page_id=266"},"modified":"2021-12-20T21:01:53","modified_gmt":"2021-12-20T20:01:53","slug":"pracownia-muzyczna","status":"publish","type":"page","link":"https:\/\/emaus18.pl\/?page_id=266","title":{"rendered":"Pracownia muzyczna"},"content":{"rendered":"<p>[et_pb_section fb_built=&#8221;1&#8243; custom_padding_last_edited=&#8221;on|phone&#8221; _builder_version=&#8221;4.14.4&#8243; _module_preset=&#8221;default&#8221; background_image=&#8221;https:\/\/emaus18.pl\/wp-content\/uploads\/2021\/12\/tlo-muzyka.jpg&#8221; custom_padding=&#8221;8vh||8vh||true|false&#8221; custom_padding_tablet=&#8221;5vh||5vh||true|false&#8221; custom_padding_phone=&#8221;3vh||3vh||true|false&#8221; hover_enabled=&#8221;0&#8243; global_colors_info=&#8221;{}&#8221; alt=&#8221;T\u0142o &#8211; Pracownia muzyczna&#8221; sticky_enabled=&#8221;0&#8243;][et_pb_row _builder_version=&#8221;4.9.2&#8243; _module_preset=&#8221;default&#8221; global_colors_info=&#8221;{}&#8221;][et_pb_column type=&#8221;4_4&#8243; _builder_version=&#8221;4.9.2&#8243; _module_preset=&#8221;default&#8221; global_colors_info=&#8221;{}&#8221;][et_pb_text _builder_version=&#8221;4.14.4&#8243; _module_preset=&#8221;default&#8221; text_text_color=&#8221;#0063AF&#8221; header_text_align=&#8221;center&#8221; header_font_size=&#8221;45px&#8221; custom_margin=&#8221;0px||0px||true|false&#8221; custom_padding=&#8221;0px||0px||true|false&#8221; header_font_size_tablet=&#8221;45px&#8221; header_font_size_phone=&#8221;40px&#8221; header_font_size_last_edited=&#8221;on|phone&#8221; locked=&#8221;off&#8221; global_colors_info=&#8221;{}&#8221;]<\/p>\n<h1 id=\"\u201da11y-deklaracja\">Pracownia muzyczna<\/h1>\n<p>[\/et_pb_text][\/et_pb_column][\/et_pb_row][\/et_pb_section][et_pb_section fb_built=&#8221;1&#8243; _builder_version=&#8221;4.14.2&#8243; _module_preset=&#8221;default&#8221; custom_padding=&#8221;||||false|false&#8221; global_colors_info=&#8221;{}&#8221;][et_pb_row make_equal=&#8221;on&#8221; _builder_version=&#8221;4.9.2&#8243; _module_preset=&#8221;default&#8221; width_tablet=&#8221;95%&#8221; width_phone=&#8221;95%&#8221; width_last_edited=&#8221;on|desktop&#8221; global_colors_info=&#8221;{}&#8221;][et_pb_column type=&#8221;4_4&#8243; _builder_version=&#8221;4.9.2&#8243; _module_preset=&#8221;default&#8221; global_colors_info=&#8221;{}&#8221;][et_pb_text _builder_version=&#8221;4.14.4&#8243; _module_preset=&#8221;default&#8221; text_font=&#8221;|300|||||||&#8221; text_font_size=&#8221;18px&#8221; global_colors_info=&#8221;{}&#8221;]<\/p>\n<p>To miejsce gdzie poprzez wsp\u00f3lne muzykowanie, \u015bpiewanie, ruch i taniec mo\u017cna wyrazi\u0107 siebie, uwolni\u0107 emocje, odreagowa\u0107 napi\u0119cie, integrowa\u0107 si\u0119 i rozwija\u0107 wyobra\u017anie. To tu zapoznajemy si\u0119 z repertuarem r\u00f3\u017cnych gatunk\u00f3w muzycznych oraz poszerzamy zakres wiadomo\u015bci o muzyce.<\/p>\n<p>[\/et_pb_text][\/et_pb_column][\/et_pb_row][et_pb_row column_structure=&#8221;1_2,1_2&#8243; make_equal=&#8221;on&#8221; _builder_version=&#8221;4.14.4&#8243; _module_preset=&#8221;default&#8221; width_tablet=&#8221;95%&#8221; width_phone=&#8221;95%&#8221; width_last_edited=&#8221;on|desktop&#8221; custom_padding=&#8221;20px|20px|20px|20px|true|true&#8221; global_colors_info=&#8221;{}&#8221;][et_pb_column type=&#8221;1_2&#8243; _builder_version=&#8221;4.14.4&#8243; _module_preset=&#8221;default&#8221; background_enable_color=&#8221;off&#8221; custom_padding=&#8221;20px|20px|20px|20px|true|true&#8221; border_width_all=&#8221;1px&#8221; border_color_all=&#8221;#FFB442&#8243; global_colors_info=&#8221;{}&#8221;][et_pb_text _builder_version=&#8221;4.14.4&#8243; _module_preset=&#8221;default&#8221; text_font=&#8221;|300|||||||&#8221; text_font_size=&#8221;18px&#8221; global_colors_info=&#8221;{}&#8221;]<\/p>\n<p>Nieod\u0142\u0105cznym elementem zaj\u0119\u0107 muzykoterapeutycznych jest relaksacja ( z wykorzystaniem r\u00f3\u017cnych technik ). Mi\u0142o\u015bnicy muzyki maj\u0105 mo\u017cliwo\u015b\u0107 uczestnictwa w koncertach Filharmonii Krakowskiej dla m\u0142odzie\u017cy, koncertach muzyki dawnej, wyj\u015bciach do Opery, Teatru Muzycznego, bior\u0105 udzia\u0142 w piknikach muzycznych, festiwalach i zabawach tanecznych.<\/p>\n<p>[\/et_pb_text][\/et_pb_column][et_pb_column type=&#8221;1_2&#8243; _builder_version=&#8221;4.14.4&#8243; _module_preset=&#8221;default&#8221; background_enable_color=&#8221;off&#8221; custom_padding=&#8221;20px|20px|20px|20px|true|true&#8221; border_width_all=&#8221;1px&#8221; border_color_all=&#8221;#FFB442&#8243; global_colors_info=&#8221;{}&#8221;][et_pb_text _builder_version=&#8221;4.14.4&#8243; _module_preset=&#8221;default&#8221; text_font=&#8221;|300|||||||&#8221; text_font_size=&#8221;18px&#8221; global_colors_info=&#8221;{}&#8221;]<\/p>\n<p>W ramach profilaktyki zdrowia fizycznego i odpr\u0119\u017cenia umys\u0142u organizowane s\u0105 wyj\u015bcia do groty solnej, spacery do parku i w inne miejsca zwi\u0105zane z natur\u0105. Podczas terapii zaj\u0119ciowej uczestnicy mog\u0105 wykaza\u0107 si\u0119 kreatywno\u015bci\u0105, podczas cyklicznych zaj\u0119\u0107 z ceramiki i tworzeniu wytwor\u00f3w przeznaczonych na kiermasze. Poza tym pracowni przy\u015bwieca idea dba\u0142o\u015bci o \u015brodowisko poprzez propagowanie recyklingu, uwra\u017cliwienie na \u015bwiat zwierz\u0105t i ro\u015blin oraz docenianie warto\u015bci natury.<\/p>\n<p>[\/et_pb_text][\/et_pb_column][\/et_pb_row][\/et_pb_section][et_pb_section fb_built=&#8221;1&#8243; _builder_version=&#8221;4.14.4&#8243; _module_preset=&#8221;default&#8221; global_colors_info=&#8221;{}&#8221;][et_pb_row make_equal=&#8221;on&#8221; _builder_version=&#8221;4.14.4&#8243; _module_preset=&#8221;default&#8221; width_tablet=&#8221;95%&#8221; width_phone=&#8221;95%&#8221; width_last_edited=&#8221;on|desktop&#8221; global_colors_info=&#8221;{}&#8221;][et_pb_column type=&#8221;4_4&#8243; _builder_version=&#8221;4.14.4&#8243; _module_preset=&#8221;default&#8221; global_colors_info=&#8221;{}&#8221;][et_pb_gallery gallery_ids=&#8221;269,270,271,272&#8243; posts_number=&#8221;16&#8243; show_title_and_caption=&#8221;off&#8221; zoom_icon_color=&#8221;#000000&#8243; hover_overlay_color=&#8221;rgba(255,255,255,0.5)&#8221; hover_icon=&#8221;&#x54;||divi||400&#8243; _builder_version=&#8221;4.14.4&#8243; _module_preset=&#8221;default&#8221; locked=&#8221;off&#8221; global_colors_info=&#8221;{}&#8221;][\/et_pb_gallery][\/et_pb_column][\/et_pb_row][\/et_pb_section]<\/p>\n","protected":false},"excerpt":{"rendered":"<p>Pracownia muzycznaTo miejsce gdzie poprzez wsp\u00f3lne muzykowanie, \u015bpiewanie, ruch i taniec mo\u017cna wyrazi\u0107 siebie, uwolni\u0107 emocje, odreagowa\u0107 napi\u0119cie, integrowa\u0107 si\u0119 i rozwija\u0107 wyobra\u017anie. To tu zapoznajemy si\u0119 z repertuarem r\u00f3\u017cnych gatunk\u00f3w muzycznych oraz poszerzamy zakres wiadomo\u015bci o muzyce.Nieod\u0142\u0105cznym elementem zaj\u0119\u0107 muzykoterapeutycznych jest relaksacja ( z wykorzystaniem r\u00f3\u017cnych technik ). Mi\u0142o\u015bnicy muzyki maj\u0105 mo\u017cliwo\u015b\u0107 uczestnictwa w [&hellip;]<\/p>\n","protected":false},"author":1,"featured_media":0,"parent":0,"menu_order":0,"comment_status":"closed","ping_status":"closed","template":"","meta":{"_et_pb_use_builder":"on","_et_pb_old_content":"","_et_gb_content_width":"","footnotes":""},"class_list":["post-266","page","type-page","status-publish","hentry"],"_links":{"self":[{"href":"https:\/\/emaus18.pl\/index.php?rest_route=\/wp\/v2\/pages\/266","targetHints":{"allow":["GET"]}}],"collection":[{"href":"https:\/\/emaus18.pl\/index.php?rest_route=\/wp\/v2\/pages"}],"about":[{"href":"https:\/\/emaus18.pl\/index.php?rest_route=\/wp\/v2\/types\/page"}],"author":[{"embeddable":true,"href":"https:\/\/emaus18.pl\/index.php?rest_route=\/wp\/v2\/users\/1"}],"replies":[{"embeddable":true,"href":"https:\/\/emaus18.pl\/index.php?rest_route=%2Fwp%2Fv2%2Fcomments&post=266"}],"version-history":[{"count":0,"href":"https:\/\/emaus18.pl\/index.php?rest_route=\/wp\/v2\/pages\/266\/revisions"}],"wp:attachment":[{"href":"https:\/\/emaus18.pl\/index.php?rest_route=%2Fwp%2Fv2%2Fmedia&parent=266"}],"curies":[{"name":"wp","href":"https:\/\/api.w.org\/{rel}","templated":true}]}}