{"id":209,"date":"2021-12-19T11:05:24","date_gmt":"2021-12-19T10:05:24","guid":{"rendered":"https:\/\/emaus18.pl\/?page_id=209"},"modified":"2025-02-03T14:49:34","modified_gmt":"2025-02-03T13:49:34","slug":"kandydaci","status":"publish","type":"page","link":"https:\/\/emaus18.pl\/?page_id=209","title":{"rendered":"Procedury przyj\u0119cia"},"content":{"rendered":"<p>[et_pb_section fb_built=&#8221;1&#8243; custom_padding_last_edited=&#8221;on|phone&#8221; _builder_version=&#8221;4.16&#8243; _module_preset=&#8221;default&#8221; background_image=&#8221;https:\/\/emaus18.pl\/wp-content\/uploads\/2021\/12\/tlo-kandydaci.jpg&#8221; custom_padding=&#8221;8vh||8vh||true|false&#8221; custom_padding_tablet=&#8221;5vh||5vh||true|false&#8221; custom_padding_phone=&#8221;3vh||3vh||true|false&#8221; global_colors_info=&#8221;{}&#8221;][et_pb_row _builder_version=&#8221;4.16&#8243; _module_preset=&#8221;default&#8221; global_colors_info=&#8221;{}&#8221;][et_pb_column type=&#8221;4_4&#8243; _builder_version=&#8221;4.16&#8243; _module_preset=&#8221;default&#8221; global_colors_info=&#8221;{}&#8221;][et_pb_text _builder_version=&#8221;4.16&#8243; _module_preset=&#8221;default&#8221; text_text_color=&#8221;#0063AF&#8221; header_text_align=&#8221;center&#8221; header_font_size=&#8221;45px&#8221; custom_margin=&#8221;0px||0px||true|false&#8221; custom_padding=&#8221;0px||0px||true|false&#8221; header_font_size_tablet=&#8221;45px&#8221; header_font_size_phone=&#8221;40px&#8221; header_font_size_last_edited=&#8221;on|phone&#8221; locked=&#8221;off&#8221; global_colors_info=&#8221;{}&#8221;]<\/p>\n<h1 id=\"\u201da11y-deklaracja\"><strong>Dla kandydat\u00f3w<br \/><\/strong><\/h1>\n<p>[\/et_pb_text][\/et_pb_column][\/et_pb_row][\/et_pb_section][et_pb_section fb_built=&#8221;1&#8243; _builder_version=&#8221;4.16&#8243; _module_preset=&#8221;default&#8221; custom_padding=&#8221;||||false|false&#8221; global_colors_info=&#8221;{}&#8221;][et_pb_row make_equal=&#8221;on&#8221; _builder_version=&#8221;4.16&#8243; _module_preset=&#8221;default&#8221; width_tablet=&#8221;95%&#8221; width_phone=&#8221;95%&#8221; width_last_edited=&#8221;on|desktop&#8221; global_colors_info=&#8221;{}&#8221;][et_pb_column type=&#8221;4_4&#8243; _builder_version=&#8221;4.16&#8243; _module_preset=&#8221;default&#8221; global_colors_info=&#8221;{}&#8221;][et_pb_text _builder_version=&#8221;4.20.2&#8243; _module_preset=&#8221;default&#8221; text_font=&#8221;|300|||||||&#8221; text_font_size=&#8221;18px&#8221; global_colors_info=&#8221;{}&#8221;]<\/p>\n<p><span>Stowarzyszenia \u201eEMAUS\u201d przeznaczony jest dla os\u00f3b z niepe\u0142nosprawno\u015bci\u0105 intelektualn\u0105 oraz schorzeniami neurologicznymi. Przyjmujemy osoby posiadaj\u0105ce wpis w orzeczeniu o przyczynie niepe\u0142nosprawno\u015bci o symbolu: 01-U, 02-P, 10-N.<\/span><\/p>\n<p>[\/et_pb_text][et_pb_gallery gallery_ids=&#8221;10317&#8243; posts_number=&#8221;1&#8243; _builder_version=&#8221;4.20.2&#8243; _module_preset=&#8221;default&#8221; hover_enabled=&#8221;0&#8243; global_colors_info=&#8221;{}&#8221; box_shadow_style_image=&#8221;preset1&#8243; box_shadow_horizontal_image=&#8221;5px&#8221; box_shadow_vertical_image=&#8221;5px&#8221; text_orientation=&#8221;center&#8221; sticky_enabled=&#8221;0&#8243; show_pagination=&#8221;off&#8221;][\/et_pb_gallery][et_pb_divider divider_weight=&#8221;4px&#8221; _builder_version=&#8221;4.16&#8243; _module_preset=&#8221;default&#8221; width=&#8221;100px&#8221; module_alignment=&#8221;center&#8221; custom_margin=&#8221;||10px||false|false&#8221; locked=&#8221;off&#8221; global_colors_info=&#8221;{}&#8221;][\/et_pb_divider][et_pb_text _builder_version=&#8221;4.20.2&#8243; _module_preset=&#8221;default&#8221; text_font=&#8221;|300|||||||&#8221; text_font_size=&#8221;18px&#8221; global_colors_info=&#8221;{}&#8221;]<\/p>\n<p class=\"gwpb7eb4c61_MsoNormal\"><b><span><span class=\"gwpb7eb4c61_font\"><span class=\"gwpb7eb4c61_size\">Dokumentacja niezb\u0119dna do przyj\u0119cia uczestnika na zaj\u0119cia do WTZ:<\/span><\/span><\/span><\/b><span><span class=\"gwpb7eb4c61_font\"><span class=\"gwpb7eb4c61_size\"><\/span><\/span><\/span><\/p>\n<p>[\/et_pb_text][et_pb_text _builder_version=&#8221;4.20.2&#8243; _module_preset=&#8221;default&#8221; text_font=&#8221;Roboto|300|||||||&#8221; text_font_size=&#8221;18px&#8221; global_colors_info=&#8221;{}&#8221;]<\/p>\n<p class=\"gwpb7eb4c61_MsoNormal\"><span><span class=\"gwpb7eb4c61_font\"><span class=\"gwpb7eb4c61_size\">1.\u00a0\u00a0\u00a0\u00a0<\/span><\/span><\/span><span><span class=\"gwpb7eb4c61_font\"><span class=\"gwpb7eb4c61_size\">Podanie o przyj\u0119cie do Warsztatu- wg wzoru do uzupe\u0142nienia na miejscu.<\/span><\/span><\/span><\/p>\n<p class=\"gwpb7eb4c61_MsoNormal\"><span><span class=\"gwpb7eb4c61_font\"><span class=\"gwpb7eb4c61_size\">2.\u00a0\u00a0\u00a0\u00a0<\/span><\/span><\/span><span><span class=\"gwpb7eb4c61_font\"><span class=\"gwpb7eb4c61_size\">Kserokopia orzeczenia o stopniu niepe\u0142nosprawno\u015bci (orzeczenie musi zawiera\u0107 wpis o wskazaniach do uczestnictwa w WTZ) \u2013 orgina\u0142 do wgl\u0105du.<\/span><\/span><\/span><\/p>\n<p class=\"gwpb7eb4c61_MsoNormal\"><span><span class=\"gwpb7eb4c61_font\"><span class=\"gwpb7eb4c61_size\">3.\u00a0\u00a0\u00a0\u00a0<\/span><\/span><\/span><span><span class=\"gwpb7eb4c61_font\"><span class=\"gwpb7eb4c61_size\">Kserokopia \u015bwiadectwa szkolnego i \u015bwiadectwa pracy ( o ile podj\u0119te by\u0142o zatrudnienie) \u2013 orgina\u0142 do wgl\u0105du.<\/span><\/span><\/span><\/p>\n<p class=\"gwpb7eb4c61_MsoNormal\"><span><span class=\"gwpb7eb4c61_font\"><span class=\"gwpb7eb4c61_size\">4.\u00a0\u00a0\u00a0\u00a0Opinia psychologiczna b\u0105d\u017a pedagogiczna nie starsza ni\u017c 2 lata.<\/span><\/span><\/span><\/p>\n<p>[\/et_pb_text][\/et_pb_column][\/et_pb_row][\/et_pb_section][et_pb_section fb_built=&#8221;1&#8243; _builder_version=&#8221;4.16&#8243; _module_preset=&#8221;default&#8221; global_colors_info=&#8221;{}&#8221;][\/et_pb_section]<\/p>\n","protected":false},"excerpt":{"rendered":"<p>Dla kandydat\u00f3wStowarzyszenia \u201eEMAUS\u201d przeznaczony jest dla os\u00f3b z niepe\u0142nosprawno\u015bci\u0105 intelektualn\u0105 oraz schorzeniami neurologicznymi. Przyjmujemy osoby posiadaj\u0105ce wpis w orzeczeniu o przyczynie niepe\u0142nosprawno\u015bci o symbolu: 01-U, 02-P, 10-N.Dokumentacja niezb\u0119dna do przyj\u0119cia uczestnika na zaj\u0119cia do WTZ:1.\u00a0\u00a0\u00a0\u00a0Podanie o przyj\u0119cie do Warsztatu- wg wzoru do uzupe\u0142nienia na miejscu. 2.\u00a0\u00a0\u00a0\u00a0Kserokopia orzeczenia o stopniu niepe\u0142nosprawno\u015bci (orzeczenie musi zawiera\u0107 wpis o [&hellip;]<\/p>\n","protected":false},"author":1,"featured_media":0,"parent":0,"menu_order":0,"comment_status":"closed","ping_status":"closed","template":"","meta":{"_et_pb_use_builder":"on","_et_pb_old_content":"","_et_gb_content_width":"","footnotes":""},"class_list":["post-209","page","type-page","status-publish","hentry"],"_links":{"self":[{"href":"https:\/\/emaus18.pl\/index.php?rest_route=\/wp\/v2\/pages\/209","targetHints":{"allow":["GET"]}}],"collection":[{"href":"https:\/\/emaus18.pl\/index.php?rest_route=\/wp\/v2\/pages"}],"about":[{"href":"https:\/\/emaus18.pl\/index.php?rest_route=\/wp\/v2\/types\/page"}],"author":[{"embeddable":true,"href":"https:\/\/emaus18.pl\/index.php?rest_route=\/wp\/v2\/users\/1"}],"replies":[{"embeddable":true,"href":"https:\/\/emaus18.pl\/index.php?rest_route=%2Fwp%2Fv2%2Fcomments&post=209"}],"version-history":[{"count":6,"href":"https:\/\/emaus18.pl\/index.php?rest_route=\/wp\/v2\/pages\/209\/revisions"}],"predecessor-version":[{"id":10318,"href":"https:\/\/emaus18.pl\/index.php?rest_route=\/wp\/v2\/pages\/209\/revisions\/10318"}],"wp:attachment":[{"href":"https:\/\/emaus18.pl\/index.php?rest_route=%2Fwp%2Fv2%2Fmedia&parent=209"}],"curies":[{"name":"wp","href":"https:\/\/api.w.org\/{rel}","templated":true}]}}