{"id":124,"date":"2021-12-17T13:20:46","date_gmt":"2021-12-17T12:20:46","guid":{"rendered":"https:\/\/emaus18.pl\/?page_id=124"},"modified":"2024-02-18T06:46:10","modified_gmt":"2024-02-18T05:46:10","slug":"formy-dodatkowej-aktywnosci","status":"publish","type":"page","link":"https:\/\/emaus18.pl\/?page_id=124","title":{"rendered":"Formy dodatkowej aktywno\u015bci"},"content":{"rendered":"<p>[et_pb_section fb_built=&#8221;1&#8243; custom_padding_last_edited=&#8221;on|phone&#8221; _builder_version=&#8221;4.16&#8243; _module_preset=&#8221;default&#8221; background_image=&#8221;https:\/\/emaus18.pl\/wp-content\/uploads\/2021\/12\/tlo-formy-aktywnosci.jpg&#8221; custom_padding=&#8221;8vh||8vh||true|false&#8221; custom_padding_tablet=&#8221;5vh||5vh||true|false&#8221; custom_padding_phone=&#8221;3vh||3vh||true|false&#8221; global_colors_info=&#8221;{}&#8221;][et_pb_row _builder_version=&#8221;4.16&#8243; _module_preset=&#8221;default&#8221; global_colors_info=&#8221;{}&#8221;][et_pb_column type=&#8221;4_4&#8243; _builder_version=&#8221;4.16&#8243; _module_preset=&#8221;default&#8221; global_colors_info=&#8221;{}&#8221;][et_pb_text _builder_version=&#8221;4.16&#8243; _module_preset=&#8221;default&#8221; text_text_color=&#8221;#0063AF&#8221; header_text_align=&#8221;center&#8221; header_font_size=&#8221;45px&#8221; custom_margin=&#8221;0px||0px||true|false&#8221; custom_padding=&#8221;0px||0px||true|false&#8221; header_font_size_tablet=&#8221;45px&#8221; header_font_size_phone=&#8221;40px&#8221; header_font_size_last_edited=&#8221;on|phone&#8221; locked=&#8221;off&#8221; global_colors_info=&#8221;{}&#8221;]<\/p>\n<h1 id=\"\u201da11y-deklaracja\"><strong>Formy dodatkowej aktywno\u015bci<br \/><\/strong><\/h1>\n<p>[\/et_pb_text][\/et_pb_column][\/et_pb_row][\/et_pb_section][et_pb_section fb_built=&#8221;1&#8243; _builder_version=&#8221;4.16&#8243; _module_preset=&#8221;default&#8221; global_colors_info=&#8221;{}&#8221;][et_pb_row column_structure=&#8221;1_2,1_2&#8243; make_equal=&#8221;on&#8221; _builder_version=&#8221;4.16&#8243; _module_preset=&#8221;default&#8221; width_tablet=&#8221;95%&#8221; width_phone=&#8221;95%&#8221; width_last_edited=&#8221;on|desktop&#8221; global_colors_info=&#8221;{}&#8221;][et_pb_column type=&#8221;1_2&#8243; _builder_version=&#8221;4.16&#8243; _module_preset=&#8221;default&#8221; global_colors_info=&#8221;{}&#8221;][et_pb_text _builder_version=&#8221;4.16&#8243; _module_preset=&#8221;default&#8221; text_font=&#8221;|300|||||||&#8221; text_font_size=&#8221;18px&#8221; text_orientation=&#8221;center&#8221; locked=&#8221;off&#8221; global_colors_info=&#8221;{}&#8221;]<\/p>\n<h2>Zaj\u0119cia fakultatywne<\/h2>\n<p>[\/et_pb_text][et_pb_text _builder_version=&#8221;4.16&#8243; _module_preset=&#8221;default&#8221; text_font=&#8221;|300|||||||&#8221; text_font_size=&#8221;18px&#8221; ul_font=&#8221;||||||||&#8221; ol_font=&#8221;Roboto||||||||&#8221; ol_line_height=&#8221;1.7em&#8221; global_colors_info=&#8221;{}&#8221;]<\/p>\n<ol>\n<li>Zaj\u0119cia sportowe:<br \/>&#8211; bocce<br \/>&#8211; tenis sto\u0142owy<\/li>\n<li>Organizowanie kiermasz\u00f3w prac i wytwor\u00f3w uczestnik\u00f3w WTZ.<\/li>\n<li>Wycieczki i wyjazdy turystyczno &#8211; krajoznawcze.<\/li>\n<li>Wyj\u015bcia do galerii, muze\u00f3w, kina, teatru, na koncerty.<\/li>\n<li>Udzia\u0142 w spotkaniach integracyjnych i \u015bwi\u0105tecznych.<\/li>\n<li>Udzia\u0142 w akcjach spo\u0142ecznych, edukacyjnych i ekologicznych.<\/li>\n<li>Pobyt w grocie solnej 1 x w tygodniu.<\/li>\n<li>Praktyki zewn\u0119trzne i wewn\u0119trzne.<\/li>\n<\/ol>\n<p>[\/et_pb_text][\/et_pb_column][et_pb_column type=&#8221;1_2&#8243; _builder_version=&#8221;4.16&#8243; _module_preset=&#8221;default&#8221; global_colors_info=&#8221;{}&#8221;][et_pb_gallery gallery_ids=&#8221;140,138,137,136,135,134,133,132&#8243; posts_number=&#8221;16&#8243; show_title_and_caption=&#8221;off&#8221; show_pagination=&#8221;off&#8221; zoom_icon_color=&#8221;#000000&#8243; hover_overlay_color=&#8221;rgba(255,255,255,0.5)&#8221; hover_icon=&#8221;&#x54;||divi||400&#8243; _builder_version=&#8221;4.16&#8243; _module_preset=&#8221;default&#8221; global_colors_info=&#8221;{}&#8221;][\/et_pb_gallery][\/et_pb_column][\/et_pb_row][\/et_pb_section]<\/p>\n","protected":false},"excerpt":{"rendered":"<p>Formy dodatkowej aktywno\u015bciZaj\u0119cia fakultatywne Zaj\u0119cia sportowe:- bocce- tenis sto\u0142owy Organizowanie kiermasz\u00f3w prac i wytwor\u00f3w uczestnik\u00f3w WTZ. Wycieczki i wyjazdy turystyczno &#8211; krajoznawcze. Wyj\u015bcia do galerii, muze\u00f3w, kina, teatru, na koncerty. Udzia\u0142 w spotkaniach integracyjnych i \u015bwi\u0105tecznych. Udzia\u0142 w akcjach spo\u0142ecznych, edukacyjnych i ekologicznych. Pobyt w grocie solnej 1 x w tygodniu. Praktyki zewn\u0119trzne i wewn\u0119trzne.<\/p>\n","protected":false},"author":1,"featured_media":0,"parent":0,"menu_order":0,"comment_status":"closed","ping_status":"closed","template":"","meta":{"_et_pb_use_builder":"on","_et_pb_old_content":"","_et_gb_content_width":"","footnotes":""},"class_list":["post-124","page","type-page","status-publish","hentry"],"_links":{"self":[{"href":"https:\/\/emaus18.pl\/index.php?rest_route=\/wp\/v2\/pages\/124","targetHints":{"allow":["GET"]}}],"collection":[{"href":"https:\/\/emaus18.pl\/index.php?rest_route=\/wp\/v2\/pages"}],"about":[{"href":"https:\/\/emaus18.pl\/index.php?rest_route=\/wp\/v2\/types\/page"}],"author":[{"embeddable":true,"href":"https:\/\/emaus18.pl\/index.php?rest_route=\/wp\/v2\/users\/1"}],"replies":[{"embeddable":true,"href":"https:\/\/emaus18.pl\/index.php?rest_route=%2Fwp%2Fv2%2Fcomments&post=124"}],"version-history":[{"count":3,"href":"https:\/\/emaus18.pl\/index.php?rest_route=\/wp\/v2\/pages\/124\/revisions"}],"predecessor-version":[{"id":7694,"href":"https:\/\/emaus18.pl\/index.php?rest_route=\/wp\/v2\/pages\/124\/revisions\/7694"}],"wp:attachment":[{"href":"https:\/\/emaus18.pl\/index.php?rest_route=%2Fwp%2Fv2%2Fmedia&parent=124"}],"curies":[{"name":"wp","href":"https:\/\/api.w.org\/{rel}","templated":true}]}}