{"id":119,"date":"2021-12-17T13:18:24","date_gmt":"2021-12-17T12:18:24","guid":{"rendered":"https:\/\/emaus18.pl\/?page_id=119"},"modified":"2021-12-20T20:39:58","modified_gmt":"2021-12-20T19:39:58","slug":"galeria","status":"publish","type":"page","link":"https:\/\/emaus18.pl\/?page_id=119","title":{"rendered":"Galeria"},"content":{"rendered":"<p>[et_pb_section fb_built=&#8221;1&#8243; custom_padding_last_edited=&#8221;on|phone&#8221; _builder_version=&#8221;4.14.4&#8243; _module_preset=&#8221;default&#8221; background_image=&#8221;https:\/\/emaus18.pl\/wp-content\/uploads\/2021\/12\/tlo-galeria.jpg&#8221; custom_padding=&#8221;8vh||8vh||true|false&#8221; custom_padding_tablet=&#8221;5vh||5vh||true|false&#8221; custom_padding_phone=&#8221;3vh||3vh||true|false&#8221; hover_enabled=&#8221;0&#8243; global_colors_info=&#8221;{}&#8221; sticky_enabled=&#8221;0&#8243; alt=&#8221;T\u0142o &#8211; Galeria&#8221;][et_pb_row _builder_version=&#8221;4.9.2&#8243; _module_preset=&#8221;default&#8221; global_colors_info=&#8221;{}&#8221;][et_pb_column type=&#8221;4_4&#8243; _builder_version=&#8221;4.9.2&#8243; _module_preset=&#8221;default&#8221; global_colors_info=&#8221;{}&#8221;][et_pb_text _builder_version=&#8221;4.14.2&#8243; _module_preset=&#8221;default&#8221; text_text_color=&#8221;#0063AF&#8221; header_text_align=&#8221;center&#8221; header_font_size=&#8221;45px&#8221; custom_margin=&#8221;0px||0px||true|false&#8221; custom_padding=&#8221;0px||0px||true|false&#8221; header_font_size_tablet=&#8221;45px&#8221; header_font_size_phone=&#8221;40px&#8221; header_font_size_last_edited=&#8221;on|phone&#8221; locked=&#8221;off&#8221; global_colors_info=&#8221;{}&#8221;]<\/p>\n<h1 id=\"\u201da11y-deklaracja\"><strong>Galeria zdj\u0119\u0107<br \/><\/strong><\/h1>\n<p>[\/et_pb_text][\/et_pb_column][\/et_pb_row][\/et_pb_section][et_pb_section fb_built=&#8221;1&#8243; _builder_version=&#8221;4.9.2&#8243; _module_preset=&#8221;default&#8221; global_colors_info=&#8221;{}&#8221;][et_pb_row make_equal=&#8221;on&#8221; _builder_version=&#8221;4.9.2&#8243; _module_preset=&#8221;default&#8221; width_tablet=&#8221;95%&#8221; width_phone=&#8221;95%&#8221; width_last_edited=&#8221;on|desktop&#8221; global_colors_info=&#8221;{}&#8221;][et_pb_column type=&#8221;4_4&#8243; _builder_version=&#8221;4.9.2&#8243; _module_preset=&#8221;default&#8221; global_colors_info=&#8221;{}&#8221;][et_pb_text _builder_version=&#8221;4.14.2&#8243; _module_preset=&#8221;default&#8221; text_font=&#8221;|300|||||||&#8221; text_font_size=&#8221;18px&#8221; text_orientation=&#8221;center&#8221; global_colors_info=&#8221;{}&#8221;]<\/p>\n<p><span id=\"a11y-wstep\">Zapraszamy do zapoznania si\u0119 ze zdj\u0119ciami z naszej pracy.<br \/><\/span><\/p>\n<p>[\/et_pb_text][et_pb_gallery gallery_ids=&#8221;288,287,286,284,285,283,282,272,271,270,269,260,259,258,256,253,235,236,232,233,234,230,231,229,228,138,136,137,134,135,133,132&#8243; posts_number=&#8221;16&#8243; show_title_and_caption=&#8221;off&#8221; zoom_icon_color=&#8221;#000000&#8243; hover_overlay_color=&#8221;rgba(255,255,255,0.5)&#8221; hover_icon=&#8221;&#x54;||divi||400&#8243; _builder_version=&#8221;4.14.4&#8243; _module_preset=&#8221;default&#8221; pagination_text_color=&#8221;#000000&#8243; global_colors_info=&#8221;{}&#8221;][\/et_pb_gallery][\/et_pb_column][\/et_pb_row][\/et_pb_section]<\/p>\n","protected":false},"excerpt":{"rendered":"<p>Galeria zdj\u0119\u0107Zapraszamy do zapoznania si\u0119 ze zdj\u0119ciami z naszej pracy.<\/p>\n","protected":false},"author":1,"featured_media":0,"parent":0,"menu_order":0,"comment_status":"closed","ping_status":"closed","template":"","meta":{"_et_pb_use_builder":"on","_et_pb_old_content":"","_et_gb_content_width":"","footnotes":""},"class_list":["post-119","page","type-page","status-publish","hentry"],"_links":{"self":[{"href":"https:\/\/emaus18.pl\/index.php?rest_route=\/wp\/v2\/pages\/119","targetHints":{"allow":["GET"]}}],"collection":[{"href":"https:\/\/emaus18.pl\/index.php?rest_route=\/wp\/v2\/pages"}],"about":[{"href":"https:\/\/emaus18.pl\/index.php?rest_route=\/wp\/v2\/types\/page"}],"author":[{"embeddable":true,"href":"https:\/\/emaus18.pl\/index.php?rest_route=\/wp\/v2\/users\/1"}],"replies":[{"embeddable":true,"href":"https:\/\/emaus18.pl\/index.php?rest_route=%2Fwp%2Fv2%2Fcomments&post=119"}],"version-history":[{"count":0,"href":"https:\/\/emaus18.pl\/index.php?rest_route=\/wp\/v2\/pages\/119\/revisions"}],"wp:attachment":[{"href":"https:\/\/emaus18.pl\/index.php?rest_route=%2Fwp%2Fv2%2Fmedia&parent=119"}],"curies":[{"name":"wp","href":"https:\/\/api.w.org\/{rel}","templated":true}]}}